{"id":17,"date":"2026-05-12T08:25:26","date_gmt":"2026-05-12T08:25:26","guid":{"rendered":"https:\/\/j1882j.com\/?page_id=17"},"modified":"2026-05-12T08:30:06","modified_gmt":"2026-05-12T08:30:06","slug":"trang-chu","status":"publish","type":"page","link":"https:\/\/j1882j.com\/","title":{"rendered":"trang ch\u1ee7"},"content":{"rendered":"\t<div class=\"img has-hover x md-x lg-x y md-y lg-y\" id=\"image_223611767\">\n\t\t\t\t\t\t\t\t<div class=\"img-inner dark\" >\n\t\t\t<img loading=\"lazy\" decoding=\"async\" width=\"1900\" height=\"601\" src=\"https:\/\/j1882j.com\/wp-content\/uploads\/2026\/05\/j188-banner-chinh.webp\" class=\"attachment-original size-original\" alt=\"banner j188\" srcset=\"https:\/\/j1882j.com\/wp-content\/uploads\/2026\/05\/j188-banner-chinh.webp 1900w, https:\/\/j1882j.com\/wp-content\/uploads\/2026\/05\/j188-banner-chinh-300x95.webp 300w, https:\/\/j1882j.com\/wp-content\/uploads\/2026\/05\/j188-banner-chinh-1024x324.webp 1024w, https:\/\/j1882j.com\/wp-content\/uploads\/2026\/05\/j188-banner-chinh-768x243.webp 768w, https:\/\/j1882j.com\/wp-content\/uploads\/2026\/05\/j188-banner-chinh-1536x486.webp 1536w\" sizes=\"auto, (max-width: 1900px) 100vw, 1900px\" \/>\t\t\t\t\t\t\n\t\t\t\t\t<\/div>\n\t\t\t\t\t\t\t\t\n<style>\n#image_223611767 {\n  width: 100%;\n}\n<\/style>\n\t<\/div>\n\t\n\n\t<section class=\"section\" id=\"section_918984955\">\n\t\t<div class=\"section-bg fill\" >\n\t\t\t\t\t\t\t\t\t\n\t\t\t\n\n\t\t<\/div>\n\n\t\t\n\n\t\t<div class=\"section-content relative\">\n\t\t\t\n<div class=\"row\"  id=\"row-1879700373\">\n\n\t<div id=\"col-1313196503\" class=\"col small-12 large-12\"  >\n\t\t\t\t<div class=\"col-inner\"  >\n\t\t\t\n\t\t\t\n<div class=\"container section-title-container\" ><h1 class=\"section-title section-title-bold-center\"><b aria-hidden=\"true\"><\/b><span class=\"section-title-main\" >J188 \u2013 Tr\u1ea3i Nghi\u1ec7m C\u00e1 C\u01b0\u1ee3c \u0110\u1eb3ng C\u1ea5p, An To\u00e0n V\u00e0 Hi\u1ec7n \u0110\u1ea1i 2026<\/span><b aria-hidden=\"true\"><\/b><\/h1><\/div>\n<p><a href=\"https:\/\/j1882j.com\/\">J188 <\/a>l\u00e0 nh\u00e0 c\u00e1i tr\u1ef1c tuy\u1ebfn \u0111\u01b0\u1ee3c nhi\u1ec1u ng\u01b0\u1eddi ch\u01a1i l\u1ef1a ch\u1ecdn nh\u1edd h\u1ec7 th\u1ed1ng c\u00e1 c\u01b0\u1ee3c \u0111a d\u1ea1ng, giao di\u1ec7n th\u00e2n thi\u1ec7n v\u00e0 t\u1ed1c \u0111\u1ed9 x\u1eed l\u00fd \u1ed5n \u0111\u1ecbnh. T\u1eeb c\u00e1 c\u01b0\u1ee3c th\u1ec3 thao, casino live \u0111\u1ebfn slot game v\u00e0 game \u0111\u1ed5i th\u01b0\u1edfng, J188 mang \u0111\u1ebfn kh\u00f4ng gian gi\u1ea3i tr\u00ed chuy\u00ean nghi\u1ec7p c\u00f9ng nhi\u1ec1u ch\u01b0\u01a1ng tr\u00ecnh \u01b0u \u0111\u00e3i h\u1ea5p d\u1eabn cho th\u00e0nh vi\u00ean.<\/p>\n\t\t<\/div>\n\t\t\t\t\t<\/div>\n\n\t\n<\/div>\n\t\t<\/div>\n\n\t\t\n<style>\n#section_918984955 {\n  padding-top: 30px;\n  padding-bottom: 30px;\n}\n<\/style>\n\t<\/section>\n\t\n","protected":false},"excerpt":{"rendered":"","protected":false},"author":1,"featured_media":0,"parent":0,"menu_order":0,"comment_status":"closed","ping_status":"closed","template":"","meta":{"footnotes":""},"class_list":["post-17","page","type-page","status-publish","hentry"],"_links":{"self":[{"href":"https:\/\/j1882j.com\/index.php\/wp-json\/wp\/v2\/pages\/17","targetHints":{"allow":["GET"]}}],"collection":[{"href":"https:\/\/j1882j.com\/index.php\/wp-json\/wp\/v2\/pages"}],"about":[{"href":"https:\/\/j1882j.com\/index.php\/wp-json\/wp\/v2\/types\/page"}],"author":[{"embeddable":true,"href":"https:\/\/j1882j.com\/index.php\/wp-json\/wp\/v2\/users\/1"}],"replies":[{"embeddable":true,"href":"https:\/\/j1882j.com\/index.php\/wp-json\/wp\/v2\/comments?post=17"}],"version-history":[{"count":2,"href":"https:\/\/j1882j.com\/index.php\/wp-json\/wp\/v2\/pages\/17\/revisions"}],"predecessor-version":[{"id":20,"href":"https:\/\/j1882j.com\/index.php\/wp-json\/wp\/v2\/pages\/17\/revisions\/20"}],"wp:attachment":[{"href":"https:\/\/j1882j.com\/index.php\/wp-json\/wp\/v2\/media?parent=17"}],"curies":[{"name":"wp","href":"https:\/\/api.w.org\/{rel}","templated":true}]}}